{"id":28,"date":"2023-11-03T05:46:57","date_gmt":"2023-11-03T05:46:57","guid":{"rendered":"https:\/\/turnon.lk\/vandanaa\/?page_id=28"},"modified":"2023-12-01T11:24:46","modified_gmt":"2023-12-01T11:24:46","slug":"vandanaa","status":"publish","type":"page","link":"https:\/\/vandanaa.lk\/si\/vandanaa\/","title":{"rendered":"\u0dc0\u0db1\u0dca\u0daf\u0db1\u0dcf"},"content":{"rendered":"<div data-elementor-type=\"wp-page\" data-elementor-id=\"28\" class=\"elementor elementor-28\">\n\t\t\t\t\t\t<section class=\"elementor-section elementor-top-section elementor-element elementor-element-67ef279 elementor-section-full_width elementor-section-height-default elementor-section-height-default\" data-id=\"67ef279\" data-element_type=\"section\" data-e-type=\"section\">\n\t\t\t\t\t\t<div class=\"elementor-container elementor-column-gap-default\">\n\t\t\t\t\t<div class=\"elementor-column elementor-col-100 elementor-top-column elementor-element elementor-element-cbca089\" data-id=\"cbca089\" data-element_type=\"column\" data-e-type=\"column\">\n\t\t\t<div class=\"elementor-widget-wrap elementor-element-populated\">\n\t\t\t\t\t\t<section class=\"elementor-section elementor-inner-section elementor-element elementor-element-ae52e74 elementor-section-boxed elementor-section-height-default elementor-section-height-default\" data-id=\"ae52e74\" data-element_type=\"section\" data-e-type=\"section\">\n\t\t\t\t\t\t<div class=\"elementor-container elementor-column-gap-default\">\n\t\t\t\t\t<div class=\"elementor-column elementor-col-100 elementor-inner-column elementor-element elementor-element-9a501cd\" data-id=\"9a501cd\" data-element_type=\"column\" data-e-type=\"column\">\n\t\t\t<div class=\"elementor-widget-wrap elementor-element-populated\">\n\t\t\t\t\t\t<div class=\"elementor-element elementor-element-f6b8089 elementor-widget elementor-widget-heading\" data-id=\"f6b8089\" data-element_type=\"widget\" data-e-type=\"widget\" data-widget_type=\"heading.default\">\n\t\t\t\t<div class=\"elementor-widget-container\">\n\t\t\t\t\t<h1 class=\"elementor-heading-title elementor-size-default\">kfuda ;iai N.jf;da wryf;da<br> i\u00efud i\u00efnqoaOiai \u00e6<\/h1>\t\t\t\t<\/div>\n\t\t\t\t<\/div>\n\t\t\t\t<div class=\"elementor-element elementor-element-26e668b elementor-widget elementor-widget-text-editor\" data-id=\"26e668b\" data-element_type=\"widget\" data-e-type=\"widget\" data-widget_type=\"text-editor.default\">\n\t\t\t\t<div class=\"elementor-widget-container\">\n\t\t\t\t\t\t\t\t\ttA Nd.Hj;a wry;a i\u00efud i\u00efnq\u00ff rcdKka jykafiag<br> udf.a kuialdrh f\u00f5jd \u00e6\t\t\t\t\t\t\t\t<\/div>\n\t\t\t\t<\/div>\n\t\t\t\t<div class=\"elementor-element elementor-element-4093d51 elementor-widget elementor-widget-elementskit-accordion\" data-id=\"4093d51\" data-element_type=\"widget\" data-e-type=\"widget\" data-widget_type=\"elementskit-accordion.default\">\n\t\t\t\t<div class=\"elementor-widget-container\">\n\t\t\t\t\t<div class=\"ekit-wid-con\" >\n        <div class=\"elementskit-accordion accoedion-primary\" id=\"accordion-69d74ff04c21c\">\n\n            \n                <div class=\"elementskit-card active\">\n                    <div class=\"elementskit-card-header\" id=\"primaryHeading-0-4093d51\">\n                        <a href=\"#collapse-5fe289a69d74ff04c21c\" class=\"ekit-accordion--toggler elementskit-btn-link collapsed\" data-ekit-toggle=\"collapse\" data-target=\"#Collapse-5fe289a69d74ff04c21c\" aria-expanded=\"true\" aria-controls=\"Collapse-5fe289a69d74ff04c21c\">\n                            \n                            <span class=\"ekit-accordion-title\">irKd.ukh ^;sirKhg me\u00f1KSu&amp;<\/span>\n\n                            \n                                <div class=\"ekit_accordion_icon_group\">\n                                    <div class=\"ekit_accordion_normal_icon\">\n                                        <!-- Normal Icon -->\n\t\t\t\t\t\t\t\t\t\t<i class=\"fas fa-angle-double-down\"><\/i>                                    <\/div>\n\n                                    <div class=\"ekit_accordion_active_icon\">\n                                        <!-- Active Icon -->\n\t\t\t\t\t\t\t\t\t\t<i class=\"fas fa-angle-double-up\"><\/i>                                    <\/div>\n                                <\/div>\n\n                            \n                                                    <\/a>\n                    <\/div>\n\n                    <div id=\"Collapse-5fe289a69d74ff04c21c\" class=\"show collapse\" aria-labelledby=\"primaryHeading-0-4093d51\" data-parent=\"#accordion-69d74ff04c21c\">\n\n                        <div class=\"elementskit-card-body ekit-accordion--content\">\n                            <strong>nqoaOx irKx .\u00c9Pd\u00f1<\/strong><br>\n\n<strong>O\u00efux irKx .\u00c9Pd\u00f1<\/strong><br>\n\n<strong>ix&gt;x irKx .\u00c9Pd\u00f1<\/strong><br>\n\n<br>\n\nuu nq\u00ffrcdKka jykafia irK h\u00f1<br>\n\nuu Y%S ioaO\u00beuh irK h\u00f1<br>\n\nuu wd\u00beh uyd ix&gt;r;akh irK h\u00f1<br><br>\n\n<strong>\u00ff;sh\u00efms nqoaOx irKx .\u00c9Pd\u00f1<\/strong><br>\n\n<strong>\u00ff;sh\u00efms O\u00efux irKx .\u00c9Pd\u00f1<\/strong><br>\n\n<strong>\u00ff;sh\u00efms ix&gt;x irKx .\u00c9Pd\u00f1<\/strong><br><br>\n\nfojkqj o uu nq\u00ffrcdKka jykafia irK h\u00f1<br>\n\nfojkqj o uu Y%S ioaO\u00beuh irK h\u00f1<br>\n\nfojkqj o uu wd\u00beh uyd ix&gt;r;akh irK h\u00f1<br><br>\n\n<strong>;;sh\u00efms nqoaOx irKx .\u00c9Pd\u00f1<\/strong><br>\n\n<strong>;;sh\u00efms O\u00efux irKx .\u00c9Pd\u00f1<\/strong><br>\n\n<strong>;;sh\u00efms ix&gt;x irKx .\u00c9Pd\u00f1<\/strong><br><br>\n\nf;jkqj o uu nq\u00ffrcdKka jykafia irK h\u00f1<br>\n\nf;jkqj o uu Y%S ioaO\u00beuh irK h\u00f1<br>\n\nf;jkqj o uu wd\u00beh uyd ix&gt;r;akh irK h\u00f1                        <\/div>\n\n                    <\/div>\n\n                <\/div><!-- .elementskit-card END -->\n\n                \n                <div class=\"elementskit-card\">\n                    <div class=\"elementskit-card-header\" id=\"primaryHeading-1-4093d51\">\n                        <a href=\"#collapse-79bea0c69d74ff04c21c\" class=\"ekit-accordion--toggler elementskit-btn-link collapsed\" data-ekit-toggle=\"collapse\" data-target=\"#Collapse-79bea0c69d74ff04c21c\" aria-expanded=\"false\" aria-controls=\"Collapse-79bea0c69d74ff04c21c\">\n                            \n                            <span class=\"ekit-accordion-title\">nqoaOdkqiai;s<\/span>\n\n                            \n                                <div class=\"ekit_accordion_icon_group\">\n                                    <div class=\"ekit_accordion_normal_icon\">\n                                        <!-- Normal Icon -->\n\t\t\t\t\t\t\t\t\t\t<i class=\"fas fa-angle-double-down\"><\/i>                                    <\/div>\n\n                                    <div class=\"ekit_accordion_active_icon\">\n                                        <!-- Active Icon -->\n\t\t\t\t\t\t\t\t\t\t<i class=\"fas fa-angle-double-up\"><\/i>                                    <\/div>\n                                <\/div>\n\n                            \n                                                    <\/a>\n                    <\/div>\n\n                    <div id=\"Collapse-79bea0c69d74ff04c21c\" class=\"collapse\" aria-labelledby=\"primaryHeading-1-4093d51\" data-parent=\"#accordion-69d74ff04c21c\">\n\n                        <div class=\"elementskit-card-body ekit-accordion--content\">\n                            <strong>b;smsfida N.jd wryx i\u00efud i\u00efnqoafOda \u00fa\u00cacdprK i\u00efmkafkda<\/strong><br>\n\n<strong>iq.f;da f,dal\u00fa\u00a5 wkq;a;frda mq\u00dfio\u00efuidr\u00d2 i;a:d foajukqiaidkx<\/strong><br>\n\n<strong>nqoafOda N.jd;s<\/strong><br><br>\n\nfufia tA Nd.Hj;=ka jykafia wryx jk fial\u2019 i\u00efud i\u00efnqoaO jk fial\u2019 \u00fa\u00cacdprK i\u00efmkak jk fial\u2019 iq.; jk fial\u2019 f,dal\u00fa\u00a5 jk fial\u2019 wkq;a;frda mq\u00dfio\u00efuidr\u00d2 jk fial\u2019 i;a:d foajukqiaidkx jk fial\u2019 nqoaO jk fial\u2019 N.jd jk fial                        <\/div>\n\n                    <\/div>\n\n                <\/div><!-- .elementskit-card END -->\n\n                \n                <div class=\"elementskit-card\">\n                    <div class=\"elementskit-card-header\" id=\"primaryHeading-2-4093d51\">\n                        <a href=\"#collapse-c2c8cdc69d74ff04c21c\" class=\"ekit-accordion--toggler elementskit-btn-link collapsed\" data-ekit-toggle=\"collapse\" data-target=\"#Collapse-c2c8cdc69d74ff04c21c\" aria-expanded=\"false\" aria-controls=\"Collapse-c2c8cdc69d74ff04c21c\">\n                            \n                            <span class=\"ekit-accordion-title\">O\u00efudkqiai;s<\/span>\n\n                            \n                                <div class=\"ekit_accordion_icon_group\">\n                                    <div class=\"ekit_accordion_normal_icon\">\n                                        <!-- Normal Icon -->\n\t\t\t\t\t\t\t\t\t\t<i class=\"fas fa-angle-double-down\"><\/i>                                    <\/div>\n\n                                    <div class=\"ekit_accordion_active_icon\">\n                                        <!-- Active Icon -->\n\t\t\t\t\t\t\t\t\t\t<i class=\"fas fa-angle-double-up\"><\/i>                                    <\/div>\n                                <\/div>\n\n                            \n                                                    <\/a>\n                    <\/div>\n\n                    <div id=\"Collapse-c2c8cdc69d74ff04c21c\" class=\"collapse\" aria-labelledby=\"primaryHeading-2-4093d51\" data-parent=\"#accordion-69d74ff04c21c\">\n\n                        <div class=\"elementskit-card-body ekit-accordion--content\">\n                            <strong>iajdlaLdf;da N.j;d O\u00effuda ika\u00c8\u00dc\u00c0flda wld,sflda tAysmiaisflda<\/strong><br>\n\n<strong>\u00b4mkhsflda m\u00c9p;a;x f\u00f5ys;\u00edfnda \u00fa[a\u00fcyS ;s<\/strong><br><br>\n\nNd.Hj;=ka jykafia \u00faiska f\u00ef Y%S ioaO\u00beuh ueke\u00faka foaYkd\n\nlrk ,oafoa h\u2019 f\u00ef \u00d4\u00fa;fha \u00a7 u wjfndaO l&lt; yels ne\u00faka f\u00ef Y%S\n\nioaO\u00beuh ika\u00c8\u00dc\u00c0l jkafka h\u2019 \u00b4kEu ld,hl \u00a7 wjfndaO l&lt; yels\n\nne\u00faka wld,sl jkafka h\u2019 we\u00fa;a n,kak he hs lsj yels ne\u00faka\n\ntAysmiaisl jkafka h\u2019 ;ud ;=&lt;g muqKqjd .; hq;= ne\u00faka \u00b4mkhsl\n\njkafka h\u2019 nqoa\u00eau;a \u00f1ksiqka \u00faiska ;u ;u keK muKska wjfndaO\n\nlr .; hq;= ne\u00faka m\u00c9p;a;x f\u00f5\u00c8;\u00edfnda \u00fa[a\u00fcyS jkafka h                        <\/div>\n\n                    <\/div>\n\n                <\/div><!-- .elementskit-card END -->\n\n                \n                <div class=\"elementskit-card\">\n                    <div class=\"elementskit-card-header\" id=\"primaryHeading-3-4093d51\">\n                        <a href=\"#collapse-cf9997769d74ff04c21c\" class=\"ekit-accordion--toggler elementskit-btn-link collapsed\" data-ekit-toggle=\"collapse\" data-target=\"#Collapse-cf9997769d74ff04c21c\" aria-expanded=\"false\" aria-controls=\"Collapse-cf9997769d74ff04c21c\">\n                            \n                            <span class=\"ekit-accordion-title\">ix&gt;dkqiai;<\/span>\n\n                            \n                                <div class=\"ekit_accordion_icon_group\">\n                                    <div class=\"ekit_accordion_normal_icon\">\n                                        <!-- Normal Icon -->\n\t\t\t\t\t\t\t\t\t\t<i class=\"fas fa-angle-double-down\"><\/i>                                    <\/div>\n\n                                    <div class=\"ekit_accordion_active_icon\">\n                                        <!-- Active Icon -->\n\t\t\t\t\t\t\t\t\t\t<i class=\"fas fa-angle-double-up\"><\/i>                                    <\/div>\n                                <\/div>\n\n                            \n                                                    <\/a>\n                    <\/div>\n\n                    <div id=\"Collapse-cf9997769d74ff04c21c\" class=\"collapse\" aria-labelledby=\"primaryHeading-3-4093d51\" data-parent=\"#accordion-69d74ff04c21c\">\n\n                        <div class=\"elementskit-card-body ekit-accordion--content\">\n                            <strong>iqm\u00e1mkafkda N.jf;da idjlixf&gt;da\" Wcqm\u00e1mkafkda N.jf;da<\/strong><br>\n\n<strong>idjlixf&gt;da\" [dhm\u00e1mkafkda N.jf;da idjlixf&gt;da\"<\/strong><br>\n\n<strong>id\u00f3\u00d1m\u00e1mkafkda N.jf;da idjl ixf&gt;da\u2019 h\u00c8ox p;a;d\u00df mq\u00dfihq.dks<\/strong><br>\n\n<strong>w\u00dcGmq\u00dfimq.a.,d tAi N.jf;da idjlixf&gt;da\" wdyqfKfhHda\"<\/strong><br>\n\n<strong>mdyqfKfhHda\" ola\u00c5fKfhHda\" wxc,slrKSfhda wkq;a;rx<\/strong><br>\n\n<strong>mq[a[lafL;a;x f,daliaidZ;s\u2019<\/strong><br><br>\n\nNd.Hj;=ka jykafia f.a Y%djl ix&gt;hd iqm\u00e1mkak jk fial<br>\n\nNd.Hj;=ka jykafia f.a Y%djl ix&gt;hd Wcqm\u00e1mkak jk fial<br>\n\nNd.Hj;=ka jykafia f.a Y%djl ix&gt;hd [dhm\u00e1mkak jk fial<br><br>\n\nNd.Hj;=ka jykafia f.a Y%djl ix&gt;hd id\u00f3\u00d1m\u00e1mkak jk fial<br>\n\nNd.Hj;=ka jykafia f.a Y%djl ix&gt;hd ud\u00be. M, hq., jYfhka<br>\n\ny;rla o jk w;r ud\u00be. M, mqoa., jYfhka wg fofkla jk<br><br>\n\nfial\u2019 wdyqfKhah jk fial\u2019 mdyqfKhah jk fial\u2019 ola\u00c5fKhah<br>\n\njk fial\u2019 wxc,slrKSh jk fial\u2019 f,djg W;=\u00ef mska fl; jk\n\nfial                        <\/div>\n\n                    <\/div>\n\n                <\/div><!-- .elementskit-card END -->\n\n                \n                <div class=\"elementskit-card\">\n                    <div class=\"elementskit-card-header\" id=\"primaryHeading-4-4093d51\">\n                        <a href=\"#collapse-547210869d74ff04c21c\" class=\"ekit-accordion--toggler elementskit-btn-link collapsed\" data-ekit-toggle=\"collapse\" data-target=\"#Collapse-547210869d74ff04c21c\" aria-expanded=\"false\" aria-controls=\"Collapse-547210869d74ff04c21c\">\n                            \n                            <span class=\"ekit-accordion-title\">i;anq\u00ff jkaokdj<\/span>\n\n                            \n                                <div class=\"ekit_accordion_icon_group\">\n                                    <div class=\"ekit_accordion_normal_icon\">\n                                        <!-- Normal Icon -->\n\t\t\t\t\t\t\t\t\t\t<i class=\"fas fa-angle-double-down\"><\/i>                                    <\/div>\n\n                                    <div class=\"ekit_accordion_active_icon\">\n                                        <!-- Active Icon -->\n\t\t\t\t\t\t\t\t\t\t<i class=\"fas fa-angle-double-up\"><\/i>                                    <\/div>\n                                <\/div>\n\n                            \n                                                    <\/a>\n                    <\/div>\n\n                    <div id=\"Collapse-547210869d74ff04c21c\" class=\"collapse\" aria-labelledby=\"primaryHeading-4-4093d51\" data-parent=\"#accordion-69d74ff04c21c\">\n\n                        <div class=\"elementskit-card-body ekit-accordion--content\">\n                            <strong>\u00famiaisiai ku;a:q - plaLquka;iai is\u00cduf;da<\/strong><br>\n\n<strong>is\u00c5iaiZms ku;a:q - i\u00ednN+;dkql\u00efmsfkda<\/strong><br><br>\n\nioy\u00ef weia we;s - fid\u00f7re is\u00dfh we;s<br>\n\n\u00famiaiS nq\u00ffrcdKka yg - kuialdr f\u00f5jd<br>\n\nish\u00bf i;=ka yg - wkql\u00efmd we;s<br>\n\nis\u00c7 nq\u00ffrcdKka yg - kuialdr f\u00f5jd<br><br>\n\n<strong>fjiaiN=iai ku;a:q - kyd;liai ;miaisfkda<\/strong><br>\n\n<strong>ku;a:q ll=ikaOiai - udrfiakdmuoa\u00c8fkda <\/strong><br><br>\n\nish\u00bf flf,ia ke;s - fjr \u00f9\u00dfh we;s<br>\n\nfjiaiN+ nq\u00ffrcdKka yg - kuialdr f\u00f5jd<br>\n\noi ur fiakd - To f;o \u00ec| y&lt;<br>\n\nll=i| nq\u00ffrcdKka yg - kuialdr f\u00f5jd<br><br>\n\n<strong>fldaKd.ukiai ku;a:q - n%dyauKiai jqiSuf;da<\/strong><br>\n\n<strong>liaimiai ku;a:q - \u00famamuq;a;iai i\u00edn\u00eb<\/strong><br><br>\n\nflf,ia neyer l&lt; - nUir ksu l&lt;<br>\n\nfldaKd.uk nq\u00ffrcdKka yg - kuialdr f\u00f5jd<br>\n\nyeu flf,iqkaf.ka - fyd\u00a2ka \u00f1\u00a7 .sh<br>\n\nliaim nq\u00ffrcdKka yg - kuialdr f\u00f5jd<br><br>\n\n<strong>wx.Sriiai ku;a:q - ilHmq;a;iai is\u00cduf;da<\/strong><br>\n\n<strong>fhda bux O\u00efuufoafiaiS - i\u00edn\u00fflaLdmkQokx<\/strong><br><br>\n\nf,df\u00f5 ish\u00a8 \u00ffla - uek\u00faka \u00ffre jk<br>\n\nf\u00ef is\u00df ioy\u00ef mjid joy&lt; - h\u00ef flfkl=ka fjo<br>\n\nfid\u00f7re is\u00dfh we;s - YdlH mq;% jQ<br>\n\nwx.Sri jQ wm f.a f.!;u nq\u00ff i\u00f1\u00f7ka yg kuialdr f\u00f5jd<br><br>\n\n<strong>fha pdms ks\u00ednq;d f,dafla - h:dN+;x \u00famiaisiqx<\/strong><br>\n\n<strong>f;a ckd wmsiqKd - uyka;d \u00f9;idrod<\/strong><br><br>\n\ntA nq\u00ffjre f,dj - ksjkg je\u00e4 fiala u h<br>\n\nyeu foa .ek ienE ;;ajh - \u00faoiqka l&lt; fiala u h<br>\n\ntA kfrda;a;uhka jykafia,d - msiqKq nia fkd mji;a u h<br>\n\nuydkqNdj i\u00efmkak u h - iir \u00ech ke;s fiala u h<br><br>\n\n<strong>ys;x foajukqiaidkx - hx kuiaika;s f.da;ux<\/strong><br>\n\n<strong>\u00fa\u00cacdprKi\u00efmkakx - uyka;x \u00f9;idrox<\/strong><br>\n\n<strong>\u00fa\u00cacdprKi\u00efmkakx - nqoaOx jkaodu f.da;ux<\/strong><br><br>\n\nfo\u00fa \u00f1ksiqka yg - ys; iqj i,ik<br>\n\nf.!;u k\u00ef jQ - \u00fa\u00cacdprK i\u00efmkak jQ<br>\n\nuydkqNdj i\u00efmkak jQ - yeu \u00ecfhka ksoyia jQ<br>\n\nnq\u00ff rcdKka jykafiag - fo\u00fa \u00f1ksiqka kuialdr lrkakdyq h<br>\n\nf.!;u k\u00ef jQ \u00fa\u00cacdprK i\u00efmkak jQ<br>\n\ntA nq\u00ff rcdKka jykafiag - wm f.a kuialdrh f\u00f5jd                        <\/div>\n\n                    <\/div>\n\n                <\/div><!-- .elementskit-card END -->\n\n                                        <\/div>\n    <\/div>\t\t\t\t<\/div>\n\t\t\t\t<\/div>\n\t\t\t\t<div class=\"elementor-element elementor-element-22d2c91 elementor-widget elementor-widget-heading\" data-id=\"22d2c91\" data-element_type=\"widget\" data-e-type=\"widget\" data-widget_type=\"heading.default\">\n\t\t\t\t<div class=\"elementor-widget-container\">\n\t\t\t\t\t<h2 class=\"elementor-heading-title elementor-size-default\">id\u00ff \u00e6 id\u00ff \u00e6\u00e6 id\u00ff \u00e6\u00e6<\/h2>\t\t\t\t<\/div>\n\t\t\t\t<\/div>\n\t\t\t\t\t<\/div>\n\t\t<\/div>\n\t\t\t\t\t<\/div>\n\t\t<\/section>\n\t\t\t\t\t<\/div>\n\t\t<\/div>\n\t\t\t\t\t<\/div>\n\t\t<\/section>\n\t\t\t\t<\/div>","protected":false},"excerpt":{"rendered":"<p>kfuda ;iai N.jf;da wryf;da i\u00efud i\u00efnqoaOiai \u00e6 tA Nd.Hj;a wry;a i\u00efud i\u00efnq\u00ff rcdKka jykafiag udf.a kuialdrh f\u00f5jd \u00e6 irKd.ukh ^;sirKhg me\u00f1KSu&amp; nqoaOx irKx .\u00c9Pd\u00f1 O\u00efux irKx .\u00c9Pd\u00f1 ix&gt;x irKx .\u00c9Pd\u00f1 uu nq\u00ffrcdKka jykafia irK h\u00f1 uu Y%S ioaO\u00beuh irK h\u00f1 uu wd\u00beh uyd ix&gt;r;akh irK h\u00f1 \u00ff;sh\u00efms nqoaOx irKx .\u00c9Pd\u00f1 \u00ff;sh\u00efms O\u00efux irKx .\u00c9Pd\u00f1 \u00ff;sh\u00efms [&hellip;]<\/p>\n","protected":false},"author":1,"featured_media":0,"parent":0,"menu_order":0,"comment_status":"closed","ping_status":"closed","template":"","meta":{"nf_dc_page":"","site-sidebar-layout":"no-sidebar","site-content-layout":"","ast-site-content-layout":"full-width-container","site-content-style":"default","site-sidebar-style":"default","ast-global-header-display":"","ast-banner-title-visibility":"","ast-main-header-display":"","ast-hfb-above-header-display":"","ast-hfb-below-header-display":"","ast-hfb-mobile-header-display":"","site-post-title":"disabled","ast-breadcrumbs-content":"","ast-featured-img":"disabled","footer-sml-layout":"","ast-disable-related-posts":"","theme-transparent-header-meta":"","adv-header-id-meta":"","stick-header-meta":"","header-above-stick-meta":"","header-main-stick-meta":"","header-below-stick-meta":"","astra-migrate-meta-layouts":"default","ast-page-background-enabled":"default","ast-page-background-meta":{"desktop":{"background-color":"var(--ast-global-color-4)","background-image":"","background-repeat":"repeat","background-position":"center center","background-size":"auto","background-attachment":"scroll","background-type":"","background-media":"","overlay-type":"","overlay-color":"","overlay-opacity":"","overlay-gradient":""},"tablet":{"background-color":"","background-image":"","background-repeat":"repeat","background-position":"center center","background-size":"auto","background-attachment":"scroll","background-type":"","background-media":"","overlay-type":"","overlay-color":"","overlay-opacity":"","overlay-gradient":""},"mobile":{"background-color":"","background-image":"","background-repeat":"repeat","background-position":"center center","background-size":"auto","background-attachment":"scroll","background-type":"","background-media":"","overlay-type":"","overlay-color":"","overlay-opacity":"","overlay-gradient":""}},"ast-content-background-meta":{"desktop":{"background-color":"var(--ast-global-color-5)","background-image":"","background-repeat":"repeat","background-position":"center center","background-size":"auto","background-attachment":"scroll","background-type":"","background-media":"","overlay-type":"","overlay-color":"","overlay-opacity":"","overlay-gradient":""},"tablet":{"background-color":"var(--ast-global-color-5)","background-image":"","background-repeat":"repeat","background-position":"center center","background-size":"auto","background-attachment":"scroll","background-type":"","background-media":"","overlay-type":"","overlay-color":"","overlay-opacity":"","overlay-gradient":""},"mobile":{"background-color":"var(--ast-global-color-5)","background-image":"","background-repeat":"repeat","background-position":"center center","background-size":"auto","background-attachment":"scroll","background-type":"","background-media":"","overlay-type":"","overlay-color":"","overlay-opacity":"","overlay-gradient":""}},"footnotes":""},"class_list":["post-28","page","type-page","status-publish","hentry"],"_links":{"self":[{"href":"https:\/\/vandanaa.lk\/si\/wp-json\/wp\/v2\/pages\/28","targetHints":{"allow":["GET"]}}],"collection":[{"href":"https:\/\/vandanaa.lk\/si\/wp-json\/wp\/v2\/pages"}],"about":[{"href":"https:\/\/vandanaa.lk\/si\/wp-json\/wp\/v2\/types\/page"}],"author":[{"embeddable":true,"href":"https:\/\/vandanaa.lk\/si\/wp-json\/wp\/v2\/users\/1"}],"replies":[{"embeddable":true,"href":"https:\/\/vandanaa.lk\/si\/wp-json\/wp\/v2\/comments?post=28"}],"version-history":[{"count":88,"href":"https:\/\/vandanaa.lk\/si\/wp-json\/wp\/v2\/pages\/28\/revisions"}],"predecessor-version":[{"id":934,"href":"https:\/\/vandanaa.lk\/si\/wp-json\/wp\/v2\/pages\/28\/revisions\/934"}],"wp:attachment":[{"href":"https:\/\/vandanaa.lk\/si\/wp-json\/wp\/v2\/media?parent=28"}],"curies":[{"name":"wp","href":"https:\/\/api.w.org\/{rel}","templated":true}]}}